{"id":16,"date":"2022-02-07T23:08:38","date_gmt":"2022-02-08T02:08:38","guid":{"rendered":"http:\/\/sorphis.com.br\/destinyvendas\/produto\/hoodie-with-logo-2\/"},"modified":"2022-09-05T00:32:15","modified_gmt":"2022-09-05T03:32:15","slug":"hoodie-with-logo-2","status":"publish","type":"product","link":"http:\/\/sorphis.com.br\/destinyvendas\/produto\/hoodie-with-logo-2\/","title":{"rendered":"IMERS\u00c3O S\u00c3O PAULO 10 e 11 DE SETEMBRO (individual)"},"content":{"rendered":"<p>Imers\u00e3o Destiny \u00e9 idealizado para liberar chaves espirituais, as quais t\u00eam o poder de mudar destinos, levando os participantes a viverem a plenitude do seu prop\u00f3sito.<\/p>\n","protected":false},"excerpt":{"rendered":"<p>INSCRI\u00c7\u00c3O INDIVIDUAL COM DIREITO H\u00c1:<\/p>\n<p>MENTORIA;<br \/>\nCOFFEE BREAKS;<br \/>\nCAF\u00c9 DA MANH\u00c3;<br \/>\nALMO\u00c7O.<\/p>\n","protected":false},"featured_media":109,"comment_status":"open","ping_status":"closed","template":"","meta":{"spay_email":""},"product_cat":[21],"product_tag":[],"class_list":["post-16","product","type-product","status-publish","has-post-thumbnail","hentry","product_cat-eventos"],"_links":{"self":[{"href":"http:\/\/sorphis.com.br\/destinyvendas\/wp-json\/wp\/v2\/product\/16","targetHints":{"allow":["GET"]}}],"collection":[{"href":"http:\/\/sorphis.com.br\/destinyvendas\/wp-json\/wp\/v2\/product"}],"about":[{"href":"http:\/\/sorphis.com.br\/destinyvendas\/wp-json\/wp\/v2\/types\/product"}],"replies":[{"embeddable":true,"href":"http:\/\/sorphis.com.br\/destinyvendas\/wp-json\/wp\/v2\/comments?post=16"}],"wp:featuredmedia":[{"embeddable":true,"href":"http:\/\/sorphis.com.br\/destinyvendas\/wp-json\/wp\/v2\/media\/109"}],"wp:attachment":[{"href":"http:\/\/sorphis.com.br\/destinyvendas\/wp-json\/wp\/v2\/media?parent=16"}],"wp:term":[{"taxonomy":"product_cat","embeddable":true,"href":"http:\/\/sorphis.com.br\/destinyvendas\/wp-json\/wp\/v2\/product_cat?post=16"},{"taxonomy":"product_tag","embeddable":true,"href":"http:\/\/sorphis.com.br\/destinyvendas\/wp-json\/wp\/v2\/product_tag?post=16"}],"curies":[{"name":"wp","href":"https:\/\/api.w.org\/{rel}","templated":true}]}}